{"id":1418,"date":"2022-05-26T09:35:05","date_gmt":"2022-05-26T09:35:05","guid":{"rendered":"https:\/\/hotellerv5.themegoods.com\/resort\/?page_id=1418"},"modified":"2022-05-26T09:35:05","modified_gmt":"2022-05-26T09:35:05","slug":"terms-conditions","status":"publish","type":"page","link":"https:\/\/residence-pecek.com\/de\/terms-conditions\/","title":{"rendered":"Bedingungen und Konditionen"},"content":{"rendered":"<h3 class=\"wp-block-heading\">Buchungsprozess<\/h3>\n\n\n\n<p>Um eine Buchung bei uns vorzunehmen, muss der Hauptgast mindestens 16 Jahre alt sein. Die maximale Anzahl der G\u00e4ste pro Zimmer ist in den Angaben zur Zimmerbelegung auf der Website angegeben. Wenn die Person, die die Buchung vornimmt, nicht mit dem Hauptgast identisch ist, der die Belegung vornimmt, kann die Person, die die Buchung vornimmt, f\u00fcr Stornierung, Nichtanreise und Sch\u00e4den verantwortlich gemacht werden, wie in der Beschreibung angegeben. Nur der Hauptgast und die namentlich genannte Buchungspartei d\u00fcrfen das Haus und seine Einrichtungen nutzen; Dritten ist der Zugang nur mit unserer ausdr\u00fccklichen Genehmigung gestattet.<\/p>\n\n\n\n<p>Um eine Buchung zu sichern, ist eine Anzahlung im Voraus zu leisten, diese Anzahlung betr\u00e4gt = .<br>Kautionszahlungen m\u00fcssen frei verf\u00fcgbar sein, bevor eine Buchung best\u00e4tigt werden kann. Anzahlungen werden nur unter den hier genannten Bedingungen zur\u00fcckerstattet.<\/p>\n\n\n\n<p>Zahlungen k\u00f6nnen online\/telefonisch per Debit-\/Kreditkarte sowie per digitaler Bank\u00fcberweisung, Scheck oder Bareinzahlung erfolgen. Alle Geb\u00fchren, die uns von unseren Banken f\u00fcr die Bearbeitung nicht eingel\u00f6ster Schecks, \u00dcberweisungen oder sonstiger Zahlungen in Rechnung gestellt werden, m\u00fcssen vom Hauptgast innerhalb von sieben (7) Tagen nach einer entsprechenden Aufforderung erstattet werden.<\/p>\n\n\n\n<p>Alle G\u00e4ste verpflichten sich, die Privatsph\u00e4re und den Frieden aller anderen G\u00e4ste, Nachbarn und der Eigent\u00fcmer jederzeit zu respektieren. Wir behalten uns das Recht vor, eine Buchung mit sofortiger Wirkung zu stornieren, wenn G\u00e4ste diese Vereinbarung nicht einhalten oder eine St\u00f6rung \/ Bel\u00e4stigung f\u00fcr andere G\u00e4ste, Nachbarn oder die Eigent\u00fcmer verursachen.<\/p>\n\n\n\n<p><\/p>\n\n\n\n<h3 class=\"wp-block-heading\">Einchecken &amp; Auschecken<\/h3>\n\n\n\n<p>Die G\u00e4ste m\u00fcssen zu den unten angegebenen Zeiten ein- und auschecken;<\/p>\n\n\n\n<ul><li>Einchecken bis: 14:00 Uhr und vor 19:00 Uhr am Anreisetag<\/li><li>Auschecken bis: 11:00 Uhr am Tag der Abreise<\/li><\/ul>\n\n\n\n<p><\/p>\n\n\n\n<h3 class=\"wp-block-heading\">Stornierung, R\u00fcckgabe der Kaution und Nichtanreisebedingungen<\/h3>\n\n\n\n<p>G\u00e4ste, die eine Buchung stornieren m\u00fcssen, sollten uns so schnell wie m\u00f6glich kontaktieren. Bereits geleistete Anzahlungen werden nur unter den folgenden Bedingungen zur\u00fcckerstattet;<\/p>\n\n\n\n<ul><li>Stornierung 15 Tage oder mehr vor dem Anreisedatum = volle R\u00fcckerstattung der Anzahlung<\/li><li>Stornierung 14 Tage oder weniger vor dem Ankunftsdatum = 50% der Anzahlung zur\u00fcckerstattet<\/li><li>Stornierung 48 Stunden oder weniger vor dem Ankunftsdatum = Keine R\u00fcckerstattung, der volle Buchungsbetrag ist f\u00e4llig<\/li><\/ul>\n\n\n\n<p>G\u00e4ste, die nicht anreisen k\u00f6nnen oder aus irgendeinem Grund nicht anreisen, verlieren ihre Anzahlung und der volle Betrag der Buchung wird f\u00e4llig. Es wird empfohlen, dass die buchenden G\u00e4ste eine entsprechende Urlaubs-\/R\u00fccktrittsversicherung abschlie\u00dfen, falls erforderlich.<\/p>\n\n\n\n<p>F\u00fcr den seltenen Fall, dass wir Ihre Buchung bei uns stornieren m\u00fcssen, beachten Sie bitte, dass wir f\u00fcr Umst\u00e4nde, die sich unserer Kontrolle entziehen, nicht haftbar gemacht werden k\u00f6nnen und dass sich unsere Haftung Ihnen gegen\u00fcber auf die R\u00fcckerstattung bereits geleisteter Zahlungen beschr\u00e4nkt.<\/p>\n\n\n\n<h3 class=\"wp-block-heading\">Richtlinie zur fairen und angemessenen Nutzung von WiFi<\/h3>\n\n\n\n<p>Wenn ein WiFi-Internetzugang zur Verf\u00fcgung gestellt wird, verpflichten sich die G\u00e4ste, diesen Zugang zum Internet fair und angemessen zu nutzen. Wir k\u00f6nnen die Netzwerkleistung und die Nutzung durch die Nutzer \u00fcberwachen, um ein faires und hohes Serviceniveau f\u00fcr alle unsere G\u00e4ste zu gew\u00e4hrleisten.<\/p>\n\n\n\n<p>Der zur Verf\u00fcgung gestellte Internetzugang ist f\u00fcr die allgemeine Nutzung gedacht, wie z. B. den Zugang zum World Wide Web, E-Mail, Messaging, Social Media, leichtes Video-\/Musik-\/Medienstreaming. Er ist nicht f\u00fcr umfangreiches Medien-Streaming, Online-Spiele, umfangreiche Downloads \/ Uploads gedacht oder ideal geeignet. Der Zugang zu illegalen Aktivit\u00e4ten oder die Nutzung unseres Netzwerks f\u00fcr illegale Aktivit\u00e4ten ist verboten und wird den \u00f6rtlichen Beh\u00f6rden gemeldet.<\/p>\n\n\n\n<h3 class=\"wp-block-heading\">Sch\u00e4den und verlorene Gegenst\u00e4nde<\/h3>\n\n\n\n<p>Wir behalten uns das Recht vor, dem Hauptgast alle Sch\u00e4den in Rechnung zu stellen, die im Laufe einer Buchung durch ein Mitglied der Buchungsgruppe verursacht werden. Dazu geh\u00f6ren Bruchsch\u00e4den, versch\u00fcttete Fl\u00fcssigkeiten, Flecken, Sch\u00e4den an M\u00f6beln oder Einrichtungsgegenst\u00e4nden und Armaturen. Alle versehentlichen Sch\u00e4den sollten so schnell wie m\u00f6glich gemeldet werden, um den Schaden und die damit verbundenen Kosten zu minimieren. Bei Verlust von Schl\u00fcsseln \/ Anh\u00e4ngern \/ Zugangskarten wird eine Ersatzgeb\u00fchr pro verlorenem Schl\u00fcssel \/ Anh\u00e4nger \/ Karte erhoben.<\/p>\n\n\n\n<p>Alle verlorenen Gegenst\u00e4nde, die von G\u00e4sten w\u00e4hrend ihres Aufenthalts zur\u00fcckgelassen werden, werden f\u00fcr einen Zeitraum von 1 Monat aufbewahrt, falls sie gefunden werden. Obwohl wir unser Bestes tun, um verlorene Gegenst\u00e4nde wieder mit ihren Besitzern zu vereinen, \u00fcbernehmen wir keine Verantwortung f\u00fcr den Ersatz von verlorenen Gegenst\u00e4nden und empfehlen unseren G\u00e4sten, vor dem Auschecken sicherzustellen, dass sie alle ihre Gegenst\u00e4nde haben. Wir k\u00f6nnen anbieten, verlorene Gegenst\u00e4nde auf Kosten des Eigent\u00fcmers per Einschreiben zu versenden, andernfalls kann eine Abholung arrangiert werden.<\/p>\n\n\n\n<h3 class=\"wp-block-heading\">Rauchen<\/h3>\n\n\n\n<p>Das Rauchen von Tabakprodukten, einschlie\u00dflich, aber nicht beschr\u00e4nkt auf Zigaretten, Pfeifen, E-Zigaretten, E-Liquids, Zigarren, Schnupftabak oder Kautabak, ist nur in den ausgewiesenen Bereichen erlaubt, die auf dem gesamten Gel\u00e4nde der Unterkunft ausgeschildert sind, und steht im Einklang mit dem Gesundheitsgesetz 2006.<\/p>\n\n\n\n<h3 class=\"wp-block-heading\">Haustiere und Diensthunde<\/h3>\n\n\n\n<p>Wir akzeptieren keine Haustiere in der gesamten Unterkunft, au\u00dfer f\u00fcr Diensthunde. \/ Wir akzeptieren gut erzogene Hunde f\u00fcr die zus\u00e4tzliche Geb\u00fchr von \u00a3x pro Hund, bis zu einem Maximum von 2 Hunden. \/ Wir sind eine hundefreundliche Unterkunft und akzeptieren Hunde bis zu einem Maximum von 2 Hunden.<\/p>\n\n\n\n<h3 class=\"wp-block-heading\">Parken<\/h3>\n\n\n\n<p>Wenn Parkpl\u00e4tze vor Ort vorhanden sind, akzeptieren die G\u00e4ste, dass sie ihre Fahrzeuge auf eigene Gefahr abstellen.<\/p>","protected":false},"excerpt":{"rendered":"<p>Booking Process To place a booking with us the lead guest must be at least 16 years of age. The maximum number of staying guests per room is illustrated in the room occupancy details on the website. Where the person [&hellip;]<\/p>","protected":false},"author":1,"featured_media":0,"parent":0,"menu_order":0,"comment_status":"closed","ping_status":"closed","template":"","meta":{"footnotes":""},"_links":{"self":[{"href":"https:\/\/residence-pecek.com\/de\/wp-json\/wp\/v2\/pages\/1418"}],"collection":[{"href":"https:\/\/residence-pecek.com\/de\/wp-json\/wp\/v2\/pages"}],"about":[{"href":"https:\/\/residence-pecek.com\/de\/wp-json\/wp\/v2\/types\/page"}],"author":[{"embeddable":true,"href":"https:\/\/residence-pecek.com\/de\/wp-json\/wp\/v2\/users\/1"}],"replies":[{"embeddable":true,"href":"https:\/\/residence-pecek.com\/de\/wp-json\/wp\/v2\/comments?post=1418"}],"version-history":[{"count":0,"href":"https:\/\/residence-pecek.com\/de\/wp-json\/wp\/v2\/pages\/1418\/revisions"}],"wp:attachment":[{"href":"https:\/\/residence-pecek.com\/de\/wp-json\/wp\/v2\/media?parent=1418"}],"curies":[{"name":"wp","href":"https:\/\/api.w.org\/{rel}","templated":true}]}}